{"id":2793,"date":"2019-01-29T11:47:07","date_gmt":"2019-01-29T09:47:07","guid":{"rendered":"https:\/\/www.flowersofsoul.com\/m\/?post_type=product&#038;p=2793"},"modified":"2024-01-27T23:04:26","modified_gmt":"2024-01-27T21:04:26","slug":"bicicleta-cu-flori-naturale","status":"publish","type":"product","link":"https:\/\/www.flowersofsoul.com\/m\/produs\/bicicleta-cu-flori-naturale\/","title":{"rendered":"Biciclet\u0103 cu flori naturale"},"content":{"rendered":"","protected":false},"excerpt":{"rendered":"<p>Aranjament floral realizat din floarea miresei alb\u0103 \u0219i flori de lavand\u0103.<br \/>\n<strong>Comanda minim\u0103 este de 10 buc\u0103\u021bi.<\/strong><br \/>\nEticheta cu nume \u0219i data evenimentului este inclus\u0103 \u00een pre\u021b.<br \/>\nBicicleta poate fi alb\u0103, roz sau argintie.<\/p>\n<p>Pentru a comanda, ne pute\u021bi contacta la num\u0103rul de telefon 0760881228, scriindu-ne pe adresa de mail: <a href=\"mailto:contact@flowersofsoul.com\">contact@flowersofsoul.com<\/a>, prin mesaj privat pe pagina de <a href=\"https:\/\/www.facebook.com\/flowersofsoul\/\">Facebook &#8211; Flowers of Soul<\/a> sau se poate plasa direct de pe site.<br \/>\nDup\u0103 plasarea comenzii direct de pe site ve\u021bi fi contactat telefonic pentru a stabili data livr\u0103rii, parfumul lum\u00e2n\u0103rilor, numele \u0219i data ce vor fi trecute pe etichet\u0103. Aceste detalii pot fi completate \u0219i \u00een sec\u021biunea <strong>Note comand\u0103<\/strong> \u00eenainte de finalizarea comenzii.<br \/>\n<strong>Comenzile se vor plasa cu minim 14 zile \u00eenainte de eveniment.<\/strong><br \/>\nPentru comenzi mai mari de 300 lei, livrarea este gratuit\u0103 \u00een Bucure\u0219ti.<br \/>\nCostul livr\u0103rii este de 30 lei \u00een alte ora\u0219e. Nu se aplic\u0103 livrare gratuit\u0103.<br \/>\n\u00cen cazul \u00een care dori\u021bi un model personalizat, ne pute\u021bi contacta la num\u0103rul de telefon 0760881228 sau scriindu-ne pe adresa de mail: <a href=\"mailto:contact@flowersofsoul.com\" rel=\"noopener\" target=\"_blank\">contact@flowersofsoul.com<\/a>, unde se pot stabili toate aceste detalii sau se poate programa o \u00eent\u00e2lnire.<\/p>\n<p><strong>Cump\u0103rarea unui produs presupune c\u0103 a\u021bi citit \u0219i sunte\u021bi de acord cu termenii \u0219i condi\u021biile prezentate pe acest site.<\/strong><\/p>\n","protected":false},"featured_media":2795,"template":"","meta":[],"product_brand":[],"product_cat":[159,160],"product_tag":[71,163,164,138],"class_list":{"0":"post-2793","1":"product","2":"type-product","3":"status-publish","4":"has-post-thumbnail","6":"product_cat-marturii","7":"product_cat-marturii-nunta","8":"product_tag-botez","9":"product_tag-marturii","10":"product_tag-marturii-sub-forma-de-lumanari-parfumate","11":"product_tag-nunta","13":"first","14":"instock","15":"shipping-taxable","16":"purchasable","17":"product-type-simple"},"_links":{"self":[{"href":"https:\/\/www.flowersofsoul.com\/m\/wp-json\/wp\/v2\/product\/2793","targetHints":{"allow":["GET"]}}],"collection":[{"href":"https:\/\/www.flowersofsoul.com\/m\/wp-json\/wp\/v2\/product"}],"about":[{"href":"https:\/\/www.flowersofsoul.com\/m\/wp-json\/wp\/v2\/types\/product"}],"wp:featuredmedia":[{"embeddable":true,"href":"https:\/\/www.flowersofsoul.com\/m\/wp-json\/wp\/v2\/media\/2795"}],"wp:attachment":[{"href":"https:\/\/www.flowersofsoul.com\/m\/wp-json\/wp\/v2\/media?parent=2793"}],"wp:term":[{"taxonomy":"product_brand","embeddable":true,"href":"https:\/\/www.flowersofsoul.com\/m\/wp-json\/wp\/v2\/product_brand?post=2793"},{"taxonomy":"product_cat","embeddable":true,"href":"https:\/\/www.flowersofsoul.com\/m\/wp-json\/wp\/v2\/product_cat?post=2793"},{"taxonomy":"product_tag","embeddable":true,"href":"https:\/\/www.flowersofsoul.com\/m\/wp-json\/wp\/v2\/product_tag?post=2793"}],"curies":[{"name":"wp","href":"https:\/\/api.w.org\/{rel}","templated":true}]}}