{"id":2932,"date":"2019-02-16T07:41:29","date_gmt":"2019-02-16T05:41:29","guid":{"rendered":"https:\/\/www.flowersofsoul.com\/m\/?post_type=product&#038;p=2932"},"modified":"2026-03-11T22:27:36","modified_gmt":"2026-03-11T20:27:36","slug":"cos-cu-lalele-ranunculus-waxflower-si-ginster","status":"publish","type":"product","link":"https:\/\/www.flowersofsoul.com\/m\/produs\/cos-cu-lalele-ranunculus-waxflower-si-ginster\/","title":{"rendered":"Co\u0219 cu lalele, ranunculus, waxflower \u0219i ginster"},"content":{"rendered":"","protected":false},"excerpt":{"rendered":"<p>TVA inclus<br \/>\nDisponibil doar la comand\u0103.<br \/>\nLivr\u0103m doar \u00een Bucure\u0219ti \u0219i Ilfov.<br \/>\nPentru comenzi mai mari de 300 lei, livrarea este gratuit\u0103 \u00een Bucure\u0219ti.<br \/>\nLivr\u0103m personal la adresa stabilit\u0103.<br \/>\nConfirmare de livrare prin SMS.<br \/>\nFelicitare cadou.<\/p>\n<p>Aranjament floral realizat \u00een co\u0219, ce con\u021bine 20 lalele albe, un bulb de zambil\u0103, 8 ranunculus galben, ginster alb, astrantia alb\u0103, 3 waxflower roz, frunze de eucalipt \u0219i alte materiale.<br \/>\nDimensiuni co\u0219: 55cm \u00een\u0103l\u021bime.<br \/>\nPoate suporta modific\u0103ri \u00een func\u021bie de sezon \u0219i disponibilitatea florilor. Recomand\u0103m plasarea comenzii cu 7 zile \u00een avans. Lucr\u0103m doar pe baz\u0103 de comand\u0103 pentru a oferi cele mai proaspete flori.<\/p>\n<p><strong>Cump\u0103rarea unui produs presupune c\u0103 a\u021bi citit \u0219i sunte\u021bi de acord cu termenii \u0219i condi\u021biile prezentate pe acest site.<\/strong><\/p>\n","protected":false},"featured_media":2924,"template":"","meta":[],"product_brand":[],"product_cat":[169,35,36],"product_tag":[59,64],"class_list":{"0":"post-2932","1":"product","2":"type-product","3":"status-publish","4":"has-post-thumbnail","6":"product_cat-aranjamente-florale","7":"product_cat-1-si-8-martie-sarbatori","8":"product_cat-paste-sarbatori","9":"product_tag-1-si-8-martie","10":"product_tag-cosuri-cu-flori","12":"first","13":"instock","14":"shipping-taxable","15":"purchasable","16":"product-type-simple"},"_links":{"self":[{"href":"https:\/\/www.flowersofsoul.com\/m\/wp-json\/wp\/v2\/product\/2932","targetHints":{"allow":["GET"]}}],"collection":[{"href":"https:\/\/www.flowersofsoul.com\/m\/wp-json\/wp\/v2\/product"}],"about":[{"href":"https:\/\/www.flowersofsoul.com\/m\/wp-json\/wp\/v2\/types\/product"}],"wp:featuredmedia":[{"embeddable":true,"href":"https:\/\/www.flowersofsoul.com\/m\/wp-json\/wp\/v2\/media\/2924"}],"wp:attachment":[{"href":"https:\/\/www.flowersofsoul.com\/m\/wp-json\/wp\/v2\/media?parent=2932"}],"wp:term":[{"taxonomy":"product_brand","embeddable":true,"href":"https:\/\/www.flowersofsoul.com\/m\/wp-json\/wp\/v2\/product_brand?post=2932"},{"taxonomy":"product_cat","embeddable":true,"href":"https:\/\/www.flowersofsoul.com\/m\/wp-json\/wp\/v2\/product_cat?post=2932"},{"taxonomy":"product_tag","embeddable":true,"href":"https:\/\/www.flowersofsoul.com\/m\/wp-json\/wp\/v2\/product_tag?post=2932"}],"curies":[{"name":"wp","href":"https:\/\/api.w.org\/{rel}","templated":true}]}}