{"id":3106,"date":"2019-04-14T16:36:23","date_gmt":"2019-04-14T13:36:23","guid":{"rendered":"https:\/\/www.flowersofsoul.com\/m\/?post_type=product&#038;p=3106"},"modified":"2026-03-11T22:27:13","modified_gmt":"2026-03-11T20:27:13","slug":"buchet-cu-protea-frunze-de-maslin-si-eryngium","status":"publish","type":"product","link":"https:\/\/www.flowersofsoul.com\/m\/produs\/buchet-cu-protea-frunze-de-maslin-si-eryngium\/","title":{"rendered":"Buchet cu Protea, frunze de m\u0103slin \u0219i Eryngium"},"content":{"rendered":"<p>Buchet realizat din frunze de m\u0103slin, Protea, eryngium, p\u00e2nz\u0103 de iut\u0103 \u0219i materiale pentru sus\u021binere.<br \/>\nEryngium poate varia ca \u0219i culoare. Poate fi verde sau albastru, \u00een func\u021bie de disponibilitate.<br \/>\nBuchetul este realizat din flori ce rezist\u0103 foarte mult timp f\u0103r\u0103 ap\u0103, dar pentru un aspect mai pl\u0103cut recomand\u0103m a\u0219ezarea lui \u00eentr-un suport cu ap\u0103.<\/p>\n<p>Florile de Protea sunt originare din Africa de Sud \u0219i Australia. Sunt flori exotice, cu aspect s\u0103lbatic, rezistente la fluctua\u021biile de temperatur\u0103.<\/p>\n<p>Poate suporta modific\u0103ri \u00een func\u021bie de sezon \u0219i disponibilitatea florilor. Recomand\u0103m plasarea comenzii cu 7 zile \u00een avans. Lucr\u0103m doar pe baz\u0103 de comand\u0103 pentru a oferi cele mai proaspete flori.<\/p>\n<p><strong>Cump\u0103rarea unui produs presupune c\u0103 a\u021bi citit \u0219i sunte\u021bi de acord cu termenii \u0219i condi\u021biile prezentate pe acest site.<\/strong><\/p>\n","protected":false},"excerpt":{"rendered":"<p>TVA inclus<br \/>\nLivrare \u00een 3-4 zile.<br \/>\nLivr\u0103m \u00een toat\u0103 \u021bara.<br \/>\nPentru comenzi mai mari de 300 lei, livrarea este gratuit\u0103 \u00een Bucure\u0219ti.<br \/>\nLivr\u0103m personal la adresa stabilit\u0103.<br \/>\nConfirmare de livrare prin SMS.<br \/>\nFelicitare cadou.<\/p>\n","protected":false},"featured_media":12122,"template":"","meta":[],"product_brand":[],"product_cat":[45,209,35,36],"product_tag":[59,50,148],"class_list":{"0":"post-3106","1":"product","2":"type-product","3":"status-publish","4":"has-post-thumbnail","6":"product_cat-buchete-cu-flori","7":"product_cat-buchete-cu-flori-carti-si-lumanari","8":"product_cat-1-si-8-martie-sarbatori","9":"product_cat-paste-sarbatori","10":"product_tag-1-si-8-martie","11":"product_tag-craciun","12":"product_tag-paste","14":"first","15":"instock","16":"shipping-taxable","17":"purchasable","18":"product-type-simple"},"_links":{"self":[{"href":"https:\/\/www.flowersofsoul.com\/m\/wp-json\/wp\/v2\/product\/3106","targetHints":{"allow":["GET"]}}],"collection":[{"href":"https:\/\/www.flowersofsoul.com\/m\/wp-json\/wp\/v2\/product"}],"about":[{"href":"https:\/\/www.flowersofsoul.com\/m\/wp-json\/wp\/v2\/types\/product"}],"wp:featuredmedia":[{"embeddable":true,"href":"https:\/\/www.flowersofsoul.com\/m\/wp-json\/wp\/v2\/media\/12122"}],"wp:attachment":[{"href":"https:\/\/www.flowersofsoul.com\/m\/wp-json\/wp\/v2\/media?parent=3106"}],"wp:term":[{"taxonomy":"product_brand","embeddable":true,"href":"https:\/\/www.flowersofsoul.com\/m\/wp-json\/wp\/v2\/product_brand?post=3106"},{"taxonomy":"product_cat","embeddable":true,"href":"https:\/\/www.flowersofsoul.com\/m\/wp-json\/wp\/v2\/product_cat?post=3106"},{"taxonomy":"product_tag","embeddable":true,"href":"https:\/\/www.flowersofsoul.com\/m\/wp-json\/wp\/v2\/product_tag?post=3106"}],"curies":[{"name":"wp","href":"https:\/\/api.w.org\/{rel}","templated":true}]}}