{"id":3778,"date":"2019-11-13T16:43:59","date_gmt":"2019-11-13T14:43:59","guid":{"rendered":"https:\/\/www.flowersofsoul.com\/m\/?post_type=product&#038;p=3778"},"modified":"2024-01-28T12:22:35","modified_gmt":"2024-01-28T10:22:35","slug":"lumanare-de-botez-personalizata-cu-ingeras-si-botosei-realizati-manual-40cm-inaltime","status":"publish","type":"product","link":"https:\/\/www.flowersofsoul.com\/m\/produs\/lumanare-de-botez-personalizata-cu-ingeras-si-botosei-realizati-manual-40cm-inaltime\/","title":{"rendered":"Lum\u00e2nare de botez personalizat\u0103 cu \u00eengera\u0219 \u0219i boto\u0219ei realiza\u021bi manual, 40cm \u00een\u0103l\u021bime"},"content":{"rendered":"","protected":false},"excerpt":{"rendered":"<p>Lum\u00e2nare pentru botez de 40 cm \u00een\u0103l\u021bime, alc\u0103tuit\u0103 din hortensie albastr\u0103 (SEZON: FEBRUARIE \u2013 OCTOMBRIE), orhidee dendrobium, brunia, lisianthus verde, gheme, \u00eengera\u0219 din fetru realizat manual \u0219i boto\u0219ei realiza\u021bi manual. Boto\u0219eii sunt realiza\u021bi de <strong>Crafty ME<\/strong>.<br \/>\nAranjament floral realizat pe o parte, \u00een burete floral.<br \/>\nAcest model poate fi realizat \u0219i pe lum\u00e2nare de 30, 50, 60 cm \u00een\u0103l\u021bime.<\/p>\n<p>Pentru a comanda, ne pute\u021bi contacta la num\u0103rul de telefon 0760881228, scriindu-ne pe adresa de mail: <a href=\"mailto:contact@flowersofsoul.com\">contact@flowersofsoul.com<\/a>, prin mesaj privat pe pagina de <a href=\"https:\/\/www.facebook.com\/flowersofsoul\/\">Facebook &#8211; Flowers of Soul<\/a> sau se poate plasa direct de pe site.<br \/>\nDup\u0103 plasarea comenzii direct de pe site ve\u021bi fi contactat telefonic pentru a stabili data \u0219i intervalul orar \u00een care poate fi efectuat\u0103 livrarea. Aceste detalii pot fi completate \u0219i \u00een sec\u021biunea <strong>Note comand\u0103<\/strong> \u00eenainte de finalizarea comenzii.<br \/>\n<strong>Comenzile se vor plasa cu minim 14 zile \u00eenainte de eveniment.<\/strong><br \/>\nLivr\u0103m doar \u00een Bucure\u0219ti \u0219i Ilfov.<br \/>\nPentru comenzi mai mari de 300 lei, livrarea este gratuit\u0103 \u00een Bucure\u0219ti.<br \/>\nPentru un eveniment mai amplu ce va avea loc \u00een alt ora\u0219, taxa de livrare va fi stabilit\u0103 \u00een func\u021bie de distan\u021ba parcurs\u0103 p\u00e2n\u0103 la loca\u021bie. Livr\u0103rile sunt realizate prin curierii proprii.<br \/>\nLivr\u0103m personal \u00een ziua evenimentului la adresa stabilit\u0103.<br \/>\n\u00cen cazul \u00een care dori\u021bi un model personalizat sau mai multe aranjamente florale, ne pute\u021bi contacta la num\u0103rul de telefon 0760881228 sau scriindu-ne pe adresa de mail: <a href=\"mailto:contact@flowersofsoul.com\">contact@flowersofsoul.com<\/a>, unde se pot stabili toate aceste detalii sau se poate programa o \u00eent\u00e2lnire.<\/p>\n<p><strong>Cump\u0103rarea unui produs presupune c\u0103 a\u021bi citit \u0219i sunte\u021bi de acord cu termenii \u0219i condi\u021biile prezentate pe acest site.<\/strong><\/p>\n","protected":false},"featured_media":3776,"template":"","meta":[],"product_brand":[],"product_cat":[70],"product_tag":[71,72],"class_list":{"0":"post-3778","1":"product","2":"type-product","3":"status-publish","4":"has-post-thumbnail","6":"product_cat-lumanari-de-botez","7":"product_tag-botez","8":"product_tag-lumanare-de-botez","10":"first","11":"instock","12":"shipping-taxable","13":"purchasable","14":"product-type-simple"},"_links":{"self":[{"href":"https:\/\/www.flowersofsoul.com\/m\/wp-json\/wp\/v2\/product\/3778","targetHints":{"allow":["GET"]}}],"collection":[{"href":"https:\/\/www.flowersofsoul.com\/m\/wp-json\/wp\/v2\/product"}],"about":[{"href":"https:\/\/www.flowersofsoul.com\/m\/wp-json\/wp\/v2\/types\/product"}],"wp:featuredmedia":[{"embeddable":true,"href":"https:\/\/www.flowersofsoul.com\/m\/wp-json\/wp\/v2\/media\/3776"}],"wp:attachment":[{"href":"https:\/\/www.flowersofsoul.com\/m\/wp-json\/wp\/v2\/media?parent=3778"}],"wp:term":[{"taxonomy":"product_brand","embeddable":true,"href":"https:\/\/www.flowersofsoul.com\/m\/wp-json\/wp\/v2\/product_brand?post=3778"},{"taxonomy":"product_cat","embeddable":true,"href":"https:\/\/www.flowersofsoul.com\/m\/wp-json\/wp\/v2\/product_cat?post=3778"},{"taxonomy":"product_tag","embeddable":true,"href":"https:\/\/www.flowersofsoul.com\/m\/wp-json\/wp\/v2\/product_tag?post=3778"}],"curies":[{"name":"wp","href":"https:\/\/api.w.org\/{rel}","templated":true}]}}