{"id":3852,"date":"2019-12-22T18:21:27","date_gmt":"2019-12-22T16:21:27","guid":{"rendered":"https:\/\/www.flowersofsoul.com\/m\/?post_type=product&#038;p=3852"},"modified":"2022-10-20T09:05:41","modified_gmt":"2022-10-20T06:05:41","slug":"brad-natural-construit-100cm-sau-120cm-inaltime","status":"publish","type":"product","link":"https:\/\/www.flowersofsoul.com\/m\/produs\/brad-natural-construit-100cm-sau-120cm-inaltime\/","title":{"rendered":"Brad natural construit &#8211; 100cm sau 120cm \u00een\u0103l\u021bime"},"content":{"rendered":"<p>Brad lucrat manual pe suport metalic, cu decora\u021biuni naturale \u0219i decora\u021biuni din lemn.<br \/>\nProdusul din imagine poate suporta modific\u0103ri.<\/p>\n<p><strong>Recicleaz\u0103<\/strong> \u0219i te premiem!<br \/>\nDup\u0103 ce se usuc\u0103, br\u0103du\u021bul poate fi returnat iar noi te r\u0103spl\u0103tim cu un voucher \u00een valoare de 50lei. Po\u021bi folosi voucher-ul la achizi\u021bionarea oric\u0103ror produse de la noi de pe site.<br \/>\nCeea ce trebuie s\u0103 faci este s\u0103 ne contactezi, pentru a ridica br\u0103du\u021bul \u0219i a-\u021bi \u00eenm\u00e2na voucher-ul.<\/p>\n<p><strong>Cump\u0103rarea unui produs presupune c\u0103 a\u021bi citit \u0219i sunte\u021bi de acord cu termenii \u0219i condi\u021biile prezentate pe acest site.<\/strong><\/p>\n","protected":false},"excerpt":{"rendered":"<p>TVA inclus<br \/>\nLivrare \u00een 2-3 zile lucr\u0103toare.<br \/>\nLivr\u0103m doar \u00een Bucure\u0219ti \u0219i Ilfov.<br \/>\nPentru comenzi mai mari de 300 lei, livrarea este gratuit\u0103 \u00een Bucure\u0219ti.<br \/>\nLivr\u0103m personal la adresa stabilit\u0103.<br \/>\nConfirmare de livrare prin SMS.<br \/>\nFelicitare cadou.<\/p>\n","protected":false},"featured_media":15355,"template":"","meta":[],"product_brand":[],"product_cat":[37],"product_tag":[50,52,51],"class_list":{"0":"post-3852","1":"product","2":"type-product","3":"status-publish","4":"has-post-thumbnail","6":"product_cat-craciun-sarbatori","7":"product_tag-craciun","8":"product_tag-decoratiuni-cu-brad","9":"product_tag-sarbatori","11":"first","12":"instock","13":"shipping-taxable","14":"purchasable","15":"product-type-variable"},"_links":{"self":[{"href":"https:\/\/www.flowersofsoul.com\/m\/wp-json\/wp\/v2\/product\/3852","targetHints":{"allow":["GET"]}}],"collection":[{"href":"https:\/\/www.flowersofsoul.com\/m\/wp-json\/wp\/v2\/product"}],"about":[{"href":"https:\/\/www.flowersofsoul.com\/m\/wp-json\/wp\/v2\/types\/product"}],"wp:featuredmedia":[{"embeddable":true,"href":"https:\/\/www.flowersofsoul.com\/m\/wp-json\/wp\/v2\/media\/15355"}],"wp:attachment":[{"href":"https:\/\/www.flowersofsoul.com\/m\/wp-json\/wp\/v2\/media?parent=3852"}],"wp:term":[{"taxonomy":"product_brand","embeddable":true,"href":"https:\/\/www.flowersofsoul.com\/m\/wp-json\/wp\/v2\/product_brand?post=3852"},{"taxonomy":"product_cat","embeddable":true,"href":"https:\/\/www.flowersofsoul.com\/m\/wp-json\/wp\/v2\/product_cat?post=3852"},{"taxonomy":"product_tag","embeddable":true,"href":"https:\/\/www.flowersofsoul.com\/m\/wp-json\/wp\/v2\/product_tag?post=3852"}],"curies":[{"name":"wp","href":"https:\/\/api.w.org\/{rel}","templated":true}]}}