{"id":397,"date":"2018-10-10T15:56:19","date_gmt":"2018-10-10T12:56:19","guid":{"rendered":"http:\/\/www.flowersofsoul.com\/m\/?post_type=product&#038;p=397"},"modified":"2024-09-16T16:40:30","modified_gmt":"2024-09-16T13:40:30","slug":"coronita-mare-lucrata-manual","status":"publish","type":"product","link":"https:\/\/www.flowersofsoul.com\/m\/produs\/coronita-mare-lucrata-manual\/","title":{"rendered":"Coroni\u021b\u0103 lucrat\u0103 manual cu nuci, flori de bumbac \u0219i stelu\u021be din lemn (35cm diametru)"},"content":{"rendered":"<p>Coroni\u021b\u0103 realizat\u0103 manual, din crengu\u021be, brad, flori de bumbac, nuci \u0219i l\u00e2n\u0103 natural\u0103.<br \/>\n&#8211; 35 cm diametru exterior.<\/p>\n<p><strong>Cump\u0103rarea unui produs presupune c\u0103 a\u021bi citit \u0219i sunte\u021bi de acord cu termenii \u0219i condi\u021biile prezentate pe acest site.<\/strong><\/p>\n","protected":false},"excerpt":{"rendered":"<p>TVA inclus.<br \/>\nLivrare \u00een 1-2 zile.<br \/>\nLivr\u0103m \u00een toat\u0103 \u021bara.<br \/>\nPentru comenzi mai mari de 300 lei, livrarea este gratuit\u0103 \u00een Bucure\u0219ti.<br \/>\nLivr\u0103m personal la adresa stabilit\u0103.<br \/>\nConfirmare de livrare prin SMS.<br \/>\nFelicitare cadou.<\/p>\n","protected":false},"featured_media":5192,"template":"","meta":[],"product_brand":[],"product_cat":[37],"product_tag":[219,50,52,51],"class_list":{"0":"post-397","1":"product","2":"type-product","3":"status-publish","4":"has-post-thumbnail","6":"product_cat-craciun-sarbatori","7":"product_tag-coronita","8":"product_tag-craciun","9":"product_tag-decoratiuni-cu-brad","10":"product_tag-sarbatori","12":"first","13":"instock","14":"shipping-taxable","15":"purchasable","16":"product-type-simple"},"_links":{"self":[{"href":"https:\/\/www.flowersofsoul.com\/m\/wp-json\/wp\/v2\/product\/397","targetHints":{"allow":["GET"]}}],"collection":[{"href":"https:\/\/www.flowersofsoul.com\/m\/wp-json\/wp\/v2\/product"}],"about":[{"href":"https:\/\/www.flowersofsoul.com\/m\/wp-json\/wp\/v2\/types\/product"}],"wp:featuredmedia":[{"embeddable":true,"href":"https:\/\/www.flowersofsoul.com\/m\/wp-json\/wp\/v2\/media\/5192"}],"wp:attachment":[{"href":"https:\/\/www.flowersofsoul.com\/m\/wp-json\/wp\/v2\/media?parent=397"}],"wp:term":[{"taxonomy":"product_brand","embeddable":true,"href":"https:\/\/www.flowersofsoul.com\/m\/wp-json\/wp\/v2\/product_brand?post=397"},{"taxonomy":"product_cat","embeddable":true,"href":"https:\/\/www.flowersofsoul.com\/m\/wp-json\/wp\/v2\/product_cat?post=397"},{"taxonomy":"product_tag","embeddable":true,"href":"https:\/\/www.flowersofsoul.com\/m\/wp-json\/wp\/v2\/product_tag?post=397"}],"curies":[{"name":"wp","href":"https:\/\/api.w.org\/{rel}","templated":true}]}}