{"id":4005,"date":"2020-02-01T17:02:28","date_gmt":"2020-02-01T15:02:28","guid":{"rendered":"https:\/\/www.flowersofsoul.com\/m\/?post_type=product&#038;p=4005"},"modified":"2024-12-13T16:05:23","modified_gmt":"2024-12-13T14:05:23","slug":"lumanare-din-ceara-de-soia-cu-fitil-din-lemn","status":"publish","type":"product","link":"https:\/\/www.flowersofsoul.com\/m\/produs\/lumanare-din-ceara-de-soia-cu-fitil-din-lemn\/","title":{"rendered":"Lum\u00e2nare din cear\u0103 de soia cu fitil din lemn"},"content":{"rendered":"<p>Lum\u00e2nare parfumat\u0103 din cear\u0103 natural\u0103 de soia, turnat\u0103 manual \u00een vas de sticl\u0103.<br \/>\nGreutate net\u0103: 200 gr.<br \/>\nDimensiune: 8cm \u00een\u0103l\u021bime x 9cm diametru.<br \/>\nLum\u00e2narea este ambalat\u0103 \u00een cutie din carton reciclat, realizat\u0103 manual, \u0219i va fi oferit\u0103 \u00eentr-o pung\u0103 deosebit\u0103 pentru cadou.<\/p>\n<p>Ceara de soia este ecologic\u0103 \u0219i 100% natural\u0103, ob\u021binut\u0103 din ulei de soia. Pentru a fi un produs 100% ecologic, folosim fitil din lemn de ar\u021bar.<br \/>\nParfumul lum\u00e2n\u0103rii este un amestec proasp\u0103t-fructat de c\u0103p\u0219uni \u0219i rubarb\u0103, cu note subtile de zmeur\u0103, mere verzi, pere dulci \u0219i vanilie.<\/p>\n<p><strong>Cump\u0103rarea unui produs presupune c\u0103 a\u021bi citit \u0219i sunte\u021bi de acord cu termenii \u0219i condi\u021biile prezentate pe acest site.<\/strong><br \/>\n<div style=\"width: 980px;\" class=\"wp-video\"><!--[if lt IE 9]><script>document.createElement('video');<\/script><![endif]-->\n<video class=\"wp-video-shortcode\" id=\"video-4005-1\" width=\"980\" height=\"654\" preload=\"metadata\" controls=\"controls\"><source type=\"video\/mp4\" src=\"https:\/\/www.flowersofsoul.com\/m\/wp-content\/uploads\/2020\/02\/YouCut_20200201_211139352.mp4?_=1\" \/><a href=\"https:\/\/www.flowersofsoul.com\/m\/wp-content\/uploads\/2020\/02\/YouCut_20200201_211139352.mp4\">https:\/\/www.flowersofsoul.com\/m\/wp-content\/uploads\/2020\/02\/YouCut_20200201_211139352.mp4<\/a><\/video><\/div><\/p>\n","protected":false},"excerpt":{"rendered":"<p>TVA inclus<br \/>\nLivrare \u00een 1-2 zile.<br \/>\nLivr\u0103m \u00een toat\u0103 \u021bara.<br \/>\nPentru comenzi mai mari de 300 lei, livrarea este gratuit\u0103 \u00een Bucure\u0219ti.<br \/>\nConfirmare de livrare prin SMS.<br \/>\nLum\u00e2narea este oferit\u0103 \u00een pung\u0103\/cutie de cadou.<br \/>\nFabricat\u0103 \u00een Rom\u00e2nia.<\/p>\n","protected":false},"featured_media":4008,"template":"","meta":[],"product_brand":[],"product_cat":[209,37,47],"product_tag":[65,179,180],"class_list":{"0":"post-4005","1":"product","2":"type-product","3":"status-publish","4":"has-post-thumbnail","6":"product_cat-buchete-cu-flori-carti-si-lumanari","7":"product_cat-craciun-sarbatori","8":"product_cat-lumanari-din-ceara-de-soia","9":"product_tag-lumanare-din-ceara-de-soia","10":"product_tag-lumanare-din-ceara-naturala-de-soia-cu-fitil-din-lemn","11":"product_tag-lumanare-parfumata","13":"first","14":"instock","15":"shipping-taxable","16":"purchasable","17":"product-type-variable"},"_links":{"self":[{"href":"https:\/\/www.flowersofsoul.com\/m\/wp-json\/wp\/v2\/product\/4005","targetHints":{"allow":["GET"]}}],"collection":[{"href":"https:\/\/www.flowersofsoul.com\/m\/wp-json\/wp\/v2\/product"}],"about":[{"href":"https:\/\/www.flowersofsoul.com\/m\/wp-json\/wp\/v2\/types\/product"}],"wp:featuredmedia":[{"embeddable":true,"href":"https:\/\/www.flowersofsoul.com\/m\/wp-json\/wp\/v2\/media\/4008"}],"wp:attachment":[{"href":"https:\/\/www.flowersofsoul.com\/m\/wp-json\/wp\/v2\/media?parent=4005"}],"wp:term":[{"taxonomy":"product_brand","embeddable":true,"href":"https:\/\/www.flowersofsoul.com\/m\/wp-json\/wp\/v2\/product_brand?post=4005"},{"taxonomy":"product_cat","embeddable":true,"href":"https:\/\/www.flowersofsoul.com\/m\/wp-json\/wp\/v2\/product_cat?post=4005"},{"taxonomy":"product_tag","embeddable":true,"href":"https:\/\/www.flowersofsoul.com\/m\/wp-json\/wp\/v2\/product_tag?post=4005"}],"curies":[{"name":"wp","href":"https:\/\/api.w.org\/{rel}","templated":true}]}}