{"id":4247,"date":"2020-03-12T17:56:38","date_gmt":"2020-03-12T15:56:38","guid":{"rendered":"https:\/\/www.flowersofsoul.com\/m\/?post_type=product&#038;p=4247"},"modified":"2026-03-11T22:25:40","modified_gmt":"2026-03-11T20:25:40","slug":"lumanare-din-ceara-de-soia-cu-flori-de-musetel-si-rozmarin-si-buchet-cu-crengute-de-bumbac-brunia-si-frunze-de-maslin","status":"publish","type":"product","link":"https:\/\/www.flowersofsoul.com\/m\/produs\/lumanare-din-ceara-de-soia-cu-flori-de-musetel-si-rozmarin-si-buchet-cu-crengute-de-bumbac-brunia-si-frunze-de-maslin\/","title":{"rendered":"Lum\u00e2nare din cear\u0103 de soia cu flori de mu\u0219e\u021bel \u0219i crengu\u021be de rozmarin \u0219i buchet cu crengu\u021be de bumbac, brunia \u0219i frunze de m\u0103slin"},"content":{"rendered":"<p>Lum\u00e2nare parfumat\u0103 din cear\u0103 de soia, turnat\u0103 manual \u00een vas de sticl\u0103, pres\u0103rat\u0103 cu flori de mu\u0219e\u021bel \u0219i crengu\u021be de rozmarin. Parfumul \u0219i culoarea sunt naturale, ob\u021binute din extractul de mu\u0219e\u021bel.<br \/>\nGreutate net\u0103: 160 gr.<br \/>\nDimensiune: 8cm \u00een\u0103l\u021bime x 9cm diametru.<br \/>\nLum\u00e2narea este ambalat\u0103 \u00een cutie din carton reciclat, realizat\u0103 manual.<\/p>\n<p>Ceara de soia este ecologic\u0103 \u0219i 100% natural\u0103, ob\u021binut\u0103 din ulei de soia. Pentru a fi un produs 100% ecologic, folosim fitil special pentru cear\u0103 vegetal\u0103, din bumbac \u0219i in.<\/p>\n<p>Buchet realizat din crengu\u021be de bumbac, brunia \u0219i frunze naturale de m\u0103slin. Man\u0219on din l\u00e2n\u0103 natural\u0103. Este un buchet creat special pentru a rezista foarte mult timp f\u0103r\u0103 ap\u0103.<\/p>\n<p><strong>Cump\u0103rarea unui produs presupune c\u0103 a\u021bi citit \u0219i sunte\u021bi de acord cu termenii \u0219i condi\u021biile prezentate pe acest site.<\/strong><\/p>\n","protected":false},"excerpt":{"rendered":"<p>TVA inclus<br \/>\nLivrare \u00een 1-2 zile.<br \/>\nLivr\u0103m \u00een toat\u0103 \u021bara.<br \/>\nPentru comenzi mai mari de 300 lei, livrarea este gratuit\u0103 \u00een Bucure\u0219ti.<br \/>\nConfirmare de livrare prin SMS.<br \/>\nProdusele sunt oferite \u00een pung\u0103\/cutie de cadou.<br \/>\nFabricat \u00een Rom\u00e2nia.<\/p>\n","protected":false},"featured_media":4244,"template":"","meta":[],"product_brand":[],"product_cat":[209,35,36,47],"product_tag":[182,65,180],"class_list":{"0":"post-4247","1":"product","2":"type-product","3":"status-publish","4":"has-post-thumbnail","6":"product_cat-buchete-cu-flori-carti-si-lumanari","7":"product_cat-1-si-8-martie-sarbatori","8":"product_cat-paste-sarbatori","9":"product_cat-lumanari-din-ceara-de-soia","10":"product_tag-lumanare-cu-eucalipt","11":"product_tag-lumanare-din-ceara-de-soia","12":"product_tag-lumanare-parfumata","14":"first","15":"instock","16":"shipping-taxable","17":"purchasable","18":"product-type-simple"},"_links":{"self":[{"href":"https:\/\/www.flowersofsoul.com\/m\/wp-json\/wp\/v2\/product\/4247","targetHints":{"allow":["GET"]}}],"collection":[{"href":"https:\/\/www.flowersofsoul.com\/m\/wp-json\/wp\/v2\/product"}],"about":[{"href":"https:\/\/www.flowersofsoul.com\/m\/wp-json\/wp\/v2\/types\/product"}],"wp:featuredmedia":[{"embeddable":true,"href":"https:\/\/www.flowersofsoul.com\/m\/wp-json\/wp\/v2\/media\/4244"}],"wp:attachment":[{"href":"https:\/\/www.flowersofsoul.com\/m\/wp-json\/wp\/v2\/media?parent=4247"}],"wp:term":[{"taxonomy":"product_brand","embeddable":true,"href":"https:\/\/www.flowersofsoul.com\/m\/wp-json\/wp\/v2\/product_brand?post=4247"},{"taxonomy":"product_cat","embeddable":true,"href":"https:\/\/www.flowersofsoul.com\/m\/wp-json\/wp\/v2\/product_cat?post=4247"},{"taxonomy":"product_tag","embeddable":true,"href":"https:\/\/www.flowersofsoul.com\/m\/wp-json\/wp\/v2\/product_tag?post=4247"}],"curies":[{"name":"wp","href":"https:\/\/api.w.org\/{rel}","templated":true}]}}