{"id":4336,"date":"2020-04-12T13:08:01","date_gmt":"2020-04-12T10:08:01","guid":{"rendered":"https:\/\/www.flowersofsoul.com\/m\/?post_type=product&#038;p=4336"},"modified":"2026-01-18T21:21:16","modified_gmt":"2026-01-18T19:21:16","slug":"cutie-cu-flori-flowers-of-soul-3","status":"publish","type":"product","link":"https:\/\/www.flowersofsoul.com\/m\/produs\/cutie-cu-flori-flowers-of-soul-3\/","title":{"rendered":"Cutie cu flori &#8222;Flowers of Soul&#8221;"},"content":{"rendered":"<p>Cutie din lemn realizat\u0103 manual ce con\u021bine 10 lalele, 11 frezii, 5 ranunculus, 3 liliac, licheni conserva\u021bi, tillandsia, bulb de zambil\u0103 \u0219i alte materiale pentru sus\u021binere.<br \/>\nBulbul de zambil\u0103 poate fi replantat.<br \/>\nDimensiune cutie f\u0103r\u0103 flori: 25cm x 25cm x 10cm (LxlxH).<br \/>\nPoate suporta modific\u0103ri \u00een func\u021bie de sezon \u0219i disponibilitatea florilor. Recomand\u0103m plasarea comenzii cu 7 zile \u00een avans. Lucr\u0103m doar pe baz\u0103 de comand\u0103 pentru a oferi cele mai proaspete flori.<\/p>\n<p><strong>Cump\u0103rarea unui produs presupune c\u0103 a\u021bi citit \u0219i sunte\u021bi de acord cu termenii \u0219i condi\u021biile prezentate pe acest site.<\/strong><\/p>\n","protected":false},"excerpt":{"rendered":"<p>TVA inclus<br \/>\nDisponibil doar la comand\u0103.<br \/>\nLivr\u0103m doar \u00een Bucure\u0219ti \u0219i Ilfov.<br \/>\nPentru comenzi mai mari de 300 lei, livrarea este gratuit\u0103 \u00een Bucure\u0219ti.<br \/>\nLivr\u0103m personal la adresa stabilit\u0103.<br \/>\nConfirmare de livrare prin SMS.<br \/>\nFelicitare cadou.<\/p>\n","protected":false},"featured_media":4337,"template":"","meta":[],"product_brand":[],"product_cat":[169,35,36],"product_tag":[],"class_list":{"0":"post-4336","1":"product","2":"type-product","3":"status-publish","4":"has-post-thumbnail","6":"product_cat-aranjamente-florale","7":"product_cat-1-si-8-martie-sarbatori","8":"product_cat-paste-sarbatori","10":"first","11":"instock","12":"shipping-taxable","13":"purchasable","14":"product-type-simple"},"_links":{"self":[{"href":"https:\/\/www.flowersofsoul.com\/m\/wp-json\/wp\/v2\/product\/4336","targetHints":{"allow":["GET"]}}],"collection":[{"href":"https:\/\/www.flowersofsoul.com\/m\/wp-json\/wp\/v2\/product"}],"about":[{"href":"https:\/\/www.flowersofsoul.com\/m\/wp-json\/wp\/v2\/types\/product"}],"wp:featuredmedia":[{"embeddable":true,"href":"https:\/\/www.flowersofsoul.com\/m\/wp-json\/wp\/v2\/media\/4337"}],"wp:attachment":[{"href":"https:\/\/www.flowersofsoul.com\/m\/wp-json\/wp\/v2\/media?parent=4336"}],"wp:term":[{"taxonomy":"product_brand","embeddable":true,"href":"https:\/\/www.flowersofsoul.com\/m\/wp-json\/wp\/v2\/product_brand?post=4336"},{"taxonomy":"product_cat","embeddable":true,"href":"https:\/\/www.flowersofsoul.com\/m\/wp-json\/wp\/v2\/product_cat?post=4336"},{"taxonomy":"product_tag","embeddable":true,"href":"https:\/\/www.flowersofsoul.com\/m\/wp-json\/wp\/v2\/product_tag?post=4336"}],"curies":[{"name":"wp","href":"https:\/\/api.w.org\/{rel}","templated":true}]}}