{"id":4464,"date":"2020-05-03T15:56:17","date_gmt":"2020-05-03T12:56:17","guid":{"rendered":"https:\/\/www.flowersofsoul.com\/m\/?post_type=product&#038;p=4464"},"modified":"2025-03-30T19:00:37","modified_gmt":"2025-03-30T16:00:37","slug":"buchet-cu-bujori-micsunele-si-musetel","status":"publish","type":"product","link":"https:\/\/www.flowersofsoul.com\/m\/produs\/buchet-cu-bujori-micsunele-si-musetel\/","title":{"rendered":"Buchet cu bujori, mic\u0219unele \u0219i mu\u0219e\u021bel"},"content":{"rendered":"<p>Buchet realizat din 8 bujori, 7 Matthiola (mic\u0219unele), mu\u0219e\u021bel, frunze de m\u0103slin \u0219i materiale pentru sus\u021binere.<br \/>\n<strong>Poate suporta modific\u0103ri \u00een func\u021bie de sezon \u0219i disponibilitatea florilor.<\/strong> Recomand\u0103m plasarea comenzii cu 7 zile \u00een avans. Lucr\u0103m doar pe baz\u0103 de comand\u0103 pentru a oferi cele mai proaspete flori.<\/p>\n<p><strong>Cump\u0103rarea unui produs presupune c\u0103 a\u021bi citit \u0219i sunte\u021bi de acord cu termenii \u0219i condi\u021biile prezentate pe acest site.<\/strong><\/p>\n","protected":false},"excerpt":{"rendered":"<p>TVA inclus<br \/>\nDisponibil doar la comand\u0103.<br \/>\nLivr\u0103m doar \u00een Bucure\u0219ti \u0219i Ilfov.<br \/>\nPentru comenzi mai mari de 300 lei, livrarea este gratuit\u0103 \u00een Bucure\u0219ti.<br \/>\nLivr\u0103m personal la adresa stabilit\u0103.<br \/>\nConfirmare de livrare prin SMS.<br \/>\nFelicitare cadou.<\/p>\n","protected":false},"featured_media":4466,"template":"","meta":[],"product_brand":[],"product_cat":[45],"product_tag":[59,46],"class_list":{"0":"post-4464","1":"product","2":"type-product","3":"status-publish","4":"has-post-thumbnail","6":"product_cat-buchete-cu-flori","7":"product_tag-1-si-8-martie","8":"product_tag-buchete-cu-flori","10":"first","11":"instock","12":"shipping-taxable","13":"purchasable","14":"product-type-simple"},"_links":{"self":[{"href":"https:\/\/www.flowersofsoul.com\/m\/wp-json\/wp\/v2\/product\/4464","targetHints":{"allow":["GET"]}}],"collection":[{"href":"https:\/\/www.flowersofsoul.com\/m\/wp-json\/wp\/v2\/product"}],"about":[{"href":"https:\/\/www.flowersofsoul.com\/m\/wp-json\/wp\/v2\/types\/product"}],"wp:featuredmedia":[{"embeddable":true,"href":"https:\/\/www.flowersofsoul.com\/m\/wp-json\/wp\/v2\/media\/4466"}],"wp:attachment":[{"href":"https:\/\/www.flowersofsoul.com\/m\/wp-json\/wp\/v2\/media?parent=4464"}],"wp:term":[{"taxonomy":"product_brand","embeddable":true,"href":"https:\/\/www.flowersofsoul.com\/m\/wp-json\/wp\/v2\/product_brand?post=4464"},{"taxonomy":"product_cat","embeddable":true,"href":"https:\/\/www.flowersofsoul.com\/m\/wp-json\/wp\/v2\/product_cat?post=4464"},{"taxonomy":"product_tag","embeddable":true,"href":"https:\/\/www.flowersofsoul.com\/m\/wp-json\/wp\/v2\/product_tag?post=4464"}],"curies":[{"name":"wp","href":"https:\/\/api.w.org\/{rel}","templated":true}]}}