{"id":4861,"date":"2020-10-13T21:59:07","date_gmt":"2020-10-13T18:59:07","guid":{"rendered":"https:\/\/www.flowersofsoul.com\/m\/?post_type=product&#038;p=4861"},"modified":"2026-03-11T22:22:53","modified_gmt":"2026-03-11T20:22:53","slug":"lumanare-din-ceara-de-soia-cu-fitil-din-lemn-si-eprubeta-din-sticla-cu-flori-naturale-uscate-flowers-forever","status":"publish","type":"product","link":"https:\/\/www.flowersofsoul.com\/m\/produs\/lumanare-din-ceara-de-soia-cu-fitil-din-lemn-si-eprubeta-din-sticla-cu-flori-naturale-uscate-flowers-forever\/","title":{"rendered":"Lum\u00e2nare din cear\u0103 de soia cu fitil din lemn \u0219i eprubet\u0103 din sticl\u0103 cu flori naturale uscate &#8222;flowers forever&#8221;"},"content":{"rendered":"<p>Cutie din lemn realizat\u0103 manual, ce con\u021bine o lum\u00e2nare parfumat\u0103 din cear\u0103 de soia \u0219i eprubet\u0103 din sticl\u0103 cu flori naturale uscate. Cutia este prev\u0103zut\u0103 cu toarte din sfoar\u0103.<br \/>\nLum\u00e2nare parfumat\u0103 din cear\u0103 de soia, 100% natural\u0103, turnat\u0103 manual. Ceara de soia nu este cancerigen\u0103 \u015fi nu eman\u0103 compu\u015fi toxici la ardere. Este un produs ecologic. Fitilul din lemn de ar\u021bar este conceput special pentru ceara vegetal\u0103.<br \/>\nGreutate net\u0103 lum\u00e2nare: 200 g.<br \/>\nDimensiune lum\u00e2nare: 8cm \u00een\u0103l\u021bime x 9cm diametru.<br \/>\nDimensiune cutie: 15cm lungime x 15cm l\u0103\u021bime<\/p>\n<p>Eprubeta din sticl\u0103 are 12cm \u00een\u0103l\u021bime. Florile naturale uscate pot s\u0103 difere \u00een func\u021bie de stoc.<\/p>\n<p><strong>Cump\u0103rarea unui produs presupune c\u0103 a\u021bi citit \u0219i sunte\u021bi de acord cu termenii \u0219i condi\u021biile prezentate pe acest site.<\/strong><\/p>\n","protected":false},"excerpt":{"rendered":"<p>TVA inclus<br \/>\nLivrare \u00een 1-2 zile.<br \/>\nLivr\u0103m \u00een toat\u0103 \u021bara.<br \/>\nPentru comenzi mai mari de 300 lei, livrarea este gratuit\u0103 \u00een Bucure\u0219ti.<br \/>\nLivr\u0103m personal la adresa stabilit\u0103.<br \/>\nConfirmare de livrare prin SMS.<br \/>\nFelicitare cadou.<br \/>\nFabricat \u00een Rom\u00e2nia.<\/p>\n","protected":false},"featured_media":4864,"template":"","meta":[],"product_brand":[],"product_cat":[209,35,36,47],"product_tag":[],"class_list":{"0":"post-4861","1":"product","2":"type-product","3":"status-publish","4":"has-post-thumbnail","6":"product_cat-buchete-cu-flori-carti-si-lumanari","7":"product_cat-1-si-8-martie-sarbatori","8":"product_cat-paste-sarbatori","9":"product_cat-lumanari-din-ceara-de-soia","11":"first","12":"instock","13":"shipping-taxable","14":"purchasable","15":"product-type-variable"},"_links":{"self":[{"href":"https:\/\/www.flowersofsoul.com\/m\/wp-json\/wp\/v2\/product\/4861","targetHints":{"allow":["GET"]}}],"collection":[{"href":"https:\/\/www.flowersofsoul.com\/m\/wp-json\/wp\/v2\/product"}],"about":[{"href":"https:\/\/www.flowersofsoul.com\/m\/wp-json\/wp\/v2\/types\/product"}],"wp:featuredmedia":[{"embeddable":true,"href":"https:\/\/www.flowersofsoul.com\/m\/wp-json\/wp\/v2\/media\/4864"}],"wp:attachment":[{"href":"https:\/\/www.flowersofsoul.com\/m\/wp-json\/wp\/v2\/media?parent=4861"}],"wp:term":[{"taxonomy":"product_brand","embeddable":true,"href":"https:\/\/www.flowersofsoul.com\/m\/wp-json\/wp\/v2\/product_brand?post=4861"},{"taxonomy":"product_cat","embeddable":true,"href":"https:\/\/www.flowersofsoul.com\/m\/wp-json\/wp\/v2\/product_cat?post=4861"},{"taxonomy":"product_tag","embeddable":true,"href":"https:\/\/www.flowersofsoul.com\/m\/wp-json\/wp\/v2\/product_tag?post=4861"}],"curies":[{"name":"wp","href":"https:\/\/api.w.org\/{rel}","templated":true}]}}