{"id":8175,"date":"2021-03-15T20:18:36","date_gmt":"2021-03-15T18:18:36","guid":{"rendered":"https:\/\/www.flowersofsoul.com\/m\/?post_type=product&#038;p=8175"},"modified":"2024-01-28T12:17:06","modified_gmt":"2024-01-28T10:17:06","slug":"lumanare-de-botez-personalizata-cu-botosei-si-ingeras-fetita","status":"publish","type":"product","link":"https:\/\/www.flowersofsoul.com\/m\/produs\/lumanare-de-botez-personalizata-cu-botosei-si-ingeras-fetita\/","title":{"rendered":"Lum\u00e2nare de botez personalizat\u0103 cu boto\u0219ei \u0219i \u00eengera\u0219 feti\u021b\u0103"},"content":{"rendered":"","protected":false},"excerpt":{"rendered":"<p>Lum\u00e2nare pentru botez de 40cm \u00een\u0103l\u021bime.<br \/>\nAranjament floral realizat pe o parte, alc\u0103tuit din trandafiri, mini roze, lisianthus, craspedia, hypericum, ursule\u021b din ceramic\u0103 \u0219i gheme din l\u00e2n\u0103 natural\u0103 netoars\u0103.<br \/>\n\u00cengera\u0219ul din fetru \u0219i boto\u0219eii sunt realiza\u021bi manual.<br \/>\nBoto\u0219eii sunt realiza\u021bi de <strong>Crafty ME<\/strong>.<\/p>\n<p>Pentru a comanda, ne pute\u021bi contacta la num\u0103rul de telefon 0760881228, scriindu-ne pe adresa de mail: <a href=\"mailto:contact@flowersofsoul.com\">contact@flowersofsoul.com<\/a>, prin mesaj privat pe pagina de <a href=\"https:\/\/www.facebook.com\/flowersofsoul\/\">Facebook &#8211; Flowers of Soul<\/a> sau se poate plasa direct de pe site.<br \/>\nDup\u0103 plasarea comenzii direct de pe site ve\u021bi fi contactat telefonic pentru a stabili data, intervalul orar \u00een care poate fi efectuat\u0103 livrarea \u0219i numele bebelu\u0219ului pentru \u00eengera\u0219. Aceste detalii pot fi completate \u0219i \u00een sec\u021biunea <strong>Note comand\u0103<\/strong> \u00eenainte de finalizarea comenzii.<br \/>\n<strong>Comenzile se vor plasa cu minim 14 zile \u00eenainte de eveniment.<\/strong><br \/>\nLivr\u0103m doar \u00een Bucure\u0219ti \u0219i Ilfov.<br \/>\nPentru comenzi mai mari de 300 lei, livrarea este gratuit\u0103 \u00een Bucure\u0219ti.<br \/>\nPentru un eveniment mai amplu ce va avea loc \u00een alt ora\u0219, taxa de livrare va fi stabilit\u0103 \u00een func\u021bie de distan\u021ba parcurs\u0103 p\u00e2n\u0103 la loca\u021bie. Livr\u0103rile sunt realizate prin curierii proprii.<br \/>\nLivr\u0103m personal \u00een ziua evenimentului la adresa stabilit\u0103.<br \/>\n\u00cen cazul \u00een care dori\u021bi un model personalizat sau mai multe aranjamente florale, ne pute\u021bi contacta la num\u0103rul de telefon 0760881228 sau scriindu-ne pe adresa de mail: <a href=\"mailto:contact@flowersofsoul.com\" rel=\"noopener\" target=\"_blank\">contact@flowersofsoul.com<\/a>, unde se pot stabili toate aceste detalii sau se poate programa o \u00eent\u00e2lnire.<\/p>\n<p><strong>Cump\u0103rarea unui produs presupune c\u0103 a\u021bi citit \u0219i sunte\u021bi de acord cu termenii \u0219i condi\u021biile prezentate pe acest site.<\/strong><\/p>\n","protected":false},"featured_media":8177,"template":"","meta":[],"product_brand":[],"product_cat":[70],"product_tag":[71,72,77],"class_list":{"0":"post-8175","1":"product","2":"type-product","3":"status-publish","4":"has-post-thumbnail","6":"product_cat-lumanari-de-botez","7":"product_tag-botez","8":"product_tag-lumanare-de-botez","9":"product_tag-lumanare-de-botez-cu-botosei-si-norisor","11":"first","12":"instock","13":"shipping-taxable","14":"purchasable","15":"product-type-simple"},"_links":{"self":[{"href":"https:\/\/www.flowersofsoul.com\/m\/wp-json\/wp\/v2\/product\/8175","targetHints":{"allow":["GET"]}}],"collection":[{"href":"https:\/\/www.flowersofsoul.com\/m\/wp-json\/wp\/v2\/product"}],"about":[{"href":"https:\/\/www.flowersofsoul.com\/m\/wp-json\/wp\/v2\/types\/product"}],"wp:featuredmedia":[{"embeddable":true,"href":"https:\/\/www.flowersofsoul.com\/m\/wp-json\/wp\/v2\/media\/8177"}],"wp:attachment":[{"href":"https:\/\/www.flowersofsoul.com\/m\/wp-json\/wp\/v2\/media?parent=8175"}],"wp:term":[{"taxonomy":"product_brand","embeddable":true,"href":"https:\/\/www.flowersofsoul.com\/m\/wp-json\/wp\/v2\/product_brand?post=8175"},{"taxonomy":"product_cat","embeddable":true,"href":"https:\/\/www.flowersofsoul.com\/m\/wp-json\/wp\/v2\/product_cat?post=8175"},{"taxonomy":"product_tag","embeddable":true,"href":"https:\/\/www.flowersofsoul.com\/m\/wp-json\/wp\/v2\/product_tag?post=8175"}],"curies":[{"name":"wp","href":"https:\/\/api.w.org\/{rel}","templated":true}]}}