{"id":8413,"date":"2021-04-10T16:06:39","date_gmt":"2021-04-10T13:06:39","guid":{"rendered":"https:\/\/www.flowersofsoul.com\/m\/?post_type=product&#038;p=8413"},"modified":"2026-04-02T15:30:08","modified_gmt":"2026-04-02T12:30:08","slug":"aranjament-floral-realizat-din-lalele-duble-multicolore","status":"publish","type":"product","link":"https:\/\/www.flowersofsoul.com\/m\/produs\/aranjament-floral-realizat-din-lalele-duble-multicolore\/","title":{"rendered":"Aranjament floral realizat din lalele duble multicolore"},"content":{"rendered":"<p>Aranjament floral realizat \u00een suport din metal, ce con\u021bine 15 lalele duble multicolore, ou\u0103 de prepeli\u021b\u0103, paie \u0219i alte materiale.<br \/>\nDimensiune suport din metal f\u0103r\u0103 flori: 25cm lungime x 13cm \u00een\u0103l\u021bime.<br \/>\nPoate suporta modific\u0103ri \u00een func\u021bie de sezon \u0219i disponibilitatea florilor. Recomand\u0103m plasarea comenzii cu 7 zile \u00een avans. Lucr\u0103m doar pe baz\u0103 de comand\u0103 pentru a oferi cele mai proaspete flori.<\/p>\n<p><strong>Cump\u0103rarea unui produs presupune c\u0103 a\u021bi citit \u0219i sunte\u021bi de acord cu termenii \u0219i condi\u021biile prezentate pe acest site.<\/strong><\/p>\n","protected":false},"excerpt":{"rendered":"<p>TVA inclus<br \/>\nDisponibil doar la comand\u0103.<br \/>\nLivr\u0103m doar \u00een Bucure\u0219ti \u0219i Ilfov.<br \/>\nPentru comenzi mai mari de 300 lei, livrarea este gratuit\u0103 \u00een Bucure\u0219ti.<br \/>\nLivr\u0103m personal la adresa stabilit\u0103.<br \/>\nConfirmare de livrare prin SMS.<br \/>\nFelicitare \u0219i pung\u0103 cadou.<\/p>\n","protected":false},"featured_media":8417,"template":"","meta":[],"product_brand":[],"product_cat":[169,36],"product_tag":[59],"class_list":{"0":"post-8413","1":"product","2":"type-product","3":"status-publish","4":"has-post-thumbnail","6":"product_cat-aranjamente-florale","7":"product_cat-paste-sarbatori","8":"product_tag-1-si-8-martie","10":"first","11":"instock","12":"shipping-taxable","13":"purchasable","14":"product-type-simple"},"_links":{"self":[{"href":"https:\/\/www.flowersofsoul.com\/m\/wp-json\/wp\/v2\/product\/8413","targetHints":{"allow":["GET"]}}],"collection":[{"href":"https:\/\/www.flowersofsoul.com\/m\/wp-json\/wp\/v2\/product"}],"about":[{"href":"https:\/\/www.flowersofsoul.com\/m\/wp-json\/wp\/v2\/types\/product"}],"wp:featuredmedia":[{"embeddable":true,"href":"https:\/\/www.flowersofsoul.com\/m\/wp-json\/wp\/v2\/media\/8417"}],"wp:attachment":[{"href":"https:\/\/www.flowersofsoul.com\/m\/wp-json\/wp\/v2\/media?parent=8413"}],"wp:term":[{"taxonomy":"product_brand","embeddable":true,"href":"https:\/\/www.flowersofsoul.com\/m\/wp-json\/wp\/v2\/product_brand?post=8413"},{"taxonomy":"product_cat","embeddable":true,"href":"https:\/\/www.flowersofsoul.com\/m\/wp-json\/wp\/v2\/product_cat?post=8413"},{"taxonomy":"product_tag","embeddable":true,"href":"https:\/\/www.flowersofsoul.com\/m\/wp-json\/wp\/v2\/product_tag?post=8413"}],"curies":[{"name":"wp","href":"https:\/\/api.w.org\/{rel}","templated":true}]}}